{"id":71,"date":"2018-03-26T17:03:43","date_gmt":"2018-03-26T17:03:43","guid":{"rendered":"http:\/\/solvantia.com\/?page_id=71"},"modified":"2018-03-26T17:05:40","modified_gmt":"2018-03-26T17:05:40","slug":"aviso-de-privacidad","status":"publish","type":"page","link":"https:\/\/solvantia.com\/?page_id=71","title":{"rendered":"AVISO DE PRIVACIDAD"},"content":{"rendered":"<p>&nbsp;<\/p>\n<h2>AVISO DE PRIVACIDAD<\/h2>\n<p>&nbsp;<\/p>\n<p><span style=\"margin: 0px; line-height: 107%; font-family: 'Calibri',sans-serif; font-size: 11pt;\"><span style=\"color: #000000;\">En la empresa Solvantia, S.A.P.I. de C.V. SOFOM E.N.R., apoyamos a nuestros clientes y cumplimos con los dispuesto por la Ley Federal de Protecci\u00f3n a los datos personales en Posesi\u00f3n de los Particulares (LFPDP), hacemos de su conocimiento, que los datos personales, as\u00ed como los sensibles que proporcionen las personas f\u00edsicas al contratar nuestros productos y servicios financieros se utilizan aplicando los lineamientos, pol\u00edticas y procedimientos para proteger su informaci\u00f3n. Por lo anterior, a trav\u00e9s del Programa de Privacidad de los clientes de Solvantia, S.A.P.I. de C.V. SOFOM E.N.R., le informamos que sus datos personales estar\u00e1n protegidos mediante el mantenimiento de protecciones f\u00edsicas, electr\u00f3nicas y de procedimiento, capacitando a nuestros empleados en el manejo adecuado de su informaci\u00f3n personal, a fin de impedir que terceros no autorizados accedan a la misma. en adici\u00f3n a lo anterior, el pasado 5 de julio de 2010 se public\u00f3 en el Diario Oficial de la Federaci\u00f3n la Ley Federal de Protecci\u00f3n de Datos Personales en Posesi\u00f3n de Particulares, que usted puede acceder al contenido de la Ley a trav\u00e9s de los portales que el Gobierno Federal, por conducto de la Secretar\u00eda de Gobernaci\u00f3n, y la C\u00e1mara de Diputados del H. Congreso de la Uni\u00f3n tiene en internet y cuyas direcciones son: http:\/\/www.ordenjur\u00eddico.gob.mx y http:\/\/www.diputados.gob.mx. Dando lo anterior, le informamos que en cumplimiento a nuestro programa de privacidad y a la Ley, los datos personales obtenidos derivadas de las operaciones que usted solicite o celebre con Solvantia, S.A.P.I. de C.V. SOFOM E.N.R., ser\u00e1n tratados de manera confidencial a trav\u00e9s de los sistemas provistos para tales efectos. Responsables del tratamiento de sus datos personales: El responsable del tratamiento de sus datos personales ser\u00e1 Solvantia, S.A.P.I. de C.V. SOFOM E.N.R., la cual recaba la informaci\u00f3n para atender su solicitud de un producto o servicio financiero, o bien, para formalizar la celebraci\u00f3n de cualquier producto. Domicilio de Solvantia, S.A.P.I. de C.V. SOFOM E.N.R.: Real del Arco No. 208, Esquina Real del Puente, Col. Villa Sat\u00e9lite, C.P. 83200, Hermosillo, Sonora. Datos Personales que pueden recabarse:\u00a0 Solvantia, S.A.P.I. de C.V. SOFOM E.N.R., recabar\u00e1 los datos personales necesarios para la formalizaci\u00f3n del tipo de productos o servicio financiero que usted solicite o requiera; de manera enunciativa, m\u00e1s no limitativa,\u00a0 Solvantia, S.A.P.I. de C.V. SOFOM E.N.R., podr\u00e1 recabar su nombre; domicilio; fecha de nacimiento; pa\u00eds de nacimiento; nacionalidad; ocupaci\u00f3n; profesi\u00f3n, actividad o giro del negocio al que se dedique; n\u00fameros telef\u00f3nicos; Clave \u00danica de Registro de Poblaci\u00f3n; Clave del Registro Federal de Contribuyentes. Asimismo, trat\u00e1ndose de productos de cr\u00e9dito, Solvantia, S.A.P.I. de C.V. SOFOM E.N.R., est\u00e1 en la posibilidad de requerirle datos adicionales que le permitan estimar la viabilidad de pago, vali\u00e9ndose para ello de an\u00e1lisis a partir de informaci\u00f3n cuantitativa y cualitativa, que permita establecer su solvencia crediticia y capacidad de pago. Finalidad del tratamiento de sus datos personales: los datos personales que\u00a0 Solvantia, S.A.P.I. de C.V. SOFOM E.N.R., recabe ser\u00e1n usados para la operaci\u00f3n y registro de los productos y servicios que Usted hubiese contratado, as\u00ed como para ofrecerle, en su caso, otros productos o servicios financieros de\u00a0 Solvantia, S.A.P.I. de C.V. SOFOM E.N.R. Transferencia de datos personales:\u00a0 Solvantia, S.A.P.I. de C.V. SOFOM E.N.R., podr\u00e1 transferir sus datos personales a terceros mexicanos o extranjeros que le provean de servicios necesarios para su debida operaci\u00f3n. En lo dicho, le informamos que Solvantia, S.A.P.I. de C.V. SOFOM E.N.R., adoptar\u00e1 las medidas necesarias para que las personas que tengan acceso a sus daros personales cumplan con la pol\u00edtica de privacidad Solvantia, S.A.P.I. de C.V. SOFOM E.N.R., as\u00ed como con los principios de protecci\u00f3n de datos personales establecidos en la Ley. Derechos: Usted o su representante legal debidamente acreditado podr\u00e1n limitar el uso o divulgaci\u00f3n de sus datos personales, asimismo, a partir del 6 de enero de 2012 podr\u00e1 ejercer, cuando procedan, los derechos de acceso, rectificaci\u00f3n, cancelaci\u00f3n u oposici\u00f3n que la Ley prev\u00e9 mediante solicitud presentada en el domicilio arriba se\u00f1alado, es importante mencionar que el ejercicio de cualquiera de dichos derechos no es requisito previo ni impide el ejercicio de otro derecho. as\u00ed tambi\u00e9n, le informamos que usted tiene derecho a iniciar un Procedimiento de Protecci\u00f3n de Datos ante el Instituto Federal de Acceso a la Informaci\u00f3n y Protecci\u00f3n de Datos (www.ifai.gob.mx) dentro de los 15 d\u00edas siguientes a la fecha en que reciba la respuesta de Solvantia, S.A.P.I. de C.V. SOFOM E.N.R., o a partir de que concluya el plazo de 20 d\u00edas contados a partir de la fecha de recepci\u00f3n de su solicitud de ejercicio de derechos. Modificaciones al aviso de privacidad: Cualquier modificaci\u00f3n al presente aviso\u00a0 le ser\u00e1 notificado a trav\u00e9s de cualquiera de los siguientes medios: un comunicado por escrito enviado a su domicilio; un mensaje contenido en su estado de cuenta; un mensaje enviado a su correo electr\u00f3nico o a su tel\u00e9fono m\u00f3vil; un mensaje dado a conocer a trav\u00e9s de cualquier medio electr\u00f3nico que utilice para celebrar operaciones con\u00a0 Solvantia, S.A.P.I. de C.V. SOFOM E.N.R., o bien, a trav\u00e9s de mensajes publicados en las oficinas de\u00a0 Solvantia, S.A.P.I. de C.V. SOFOM E.N.R., o en medios de amplia circulaci\u00f3n.\u00a0\u00a0\u00a0\u00a0\u00a0\u00a0\u00a0\u00a0 <\/span><\/span><\/p>\n<p>&nbsp;<\/p>\n<p>&nbsp;<\/p>\n","protected":false},"excerpt":{"rendered":"<p>&nbsp; AVISO DE PRIVACIDAD &nbsp; En la empresa Solvantia, S.A.P.I. de C.V. SOFOM E.N.R., apoyamos a nuestros clientes y cumplimos con los dispuesto por la Ley [&hellip;]<\/p>\n","protected":false},"author":2,"featured_media":0,"parent":0,"menu_order":0,"comment_status":"closed","ping_status":"closed","template":"","meta":{"footnotes":""},"class_list":["post-71","page","type-page","status-publish","hentry"],"_links":{"self":[{"href":"https:\/\/solvantia.com\/index.php?rest_route=\/wp\/v2\/pages\/71","targetHints":{"allow":["GET"]}}],"collection":[{"href":"https:\/\/solvantia.com\/index.php?rest_route=\/wp\/v2\/pages"}],"about":[{"href":"https:\/\/solvantia.com\/index.php?rest_route=\/wp\/v2\/types\/page"}],"author":[{"embeddable":true,"href":"https:\/\/solvantia.com\/index.php?rest_route=\/wp\/v2\/users\/2"}],"replies":[{"embeddable":true,"href":"https:\/\/solvantia.com\/index.php?rest_route=%2Fwp%2Fv2%2Fcomments&post=71"}],"version-history":[{"count":1,"href":"https:\/\/solvantia.com\/index.php?rest_route=\/wp\/v2\/pages\/71\/revisions"}],"predecessor-version":[{"id":72,"href":"https:\/\/solvantia.com\/index.php?rest_route=\/wp\/v2\/pages\/71\/revisions\/72"}],"wp:attachment":[{"href":"https:\/\/solvantia.com\/index.php?rest_route=%2Fwp%2Fv2%2Fmedia&parent=71"}],"curies":[{"name":"wp","href":"https:\/\/api.w.org\/{rel}","templated":true}]}}